{"id":471,"date":"2023-06-09T07:49:12","date_gmt":"2023-06-09T06:49:12","guid":{"rendered":"https:\/\/ghyslain-clement.fr\/?page_id=471"},"modified":"2025-11-25T15:19:54","modified_gmt":"2025-11-25T14:19:54","slug":"curriculum-vitae","status":"publish","type":"page","link":"https:\/\/ghyslain-clement.fr\/?page_id=471","title":{"rendered":"Curriculum Vitae"},"content":{"rendered":"<p>Voici mon nouveau CV (\u00e0 la date du 25 novembre 2025). <a title=\"Le CV de Ghyslain Clement\" href=\"http:\/\/ghyslain-clement.fr\/images\/Ghyslain_Clement-CV_2025_11_25.pdf.zip\">Cliquez ici<\/a> et vous le t\u00e9l\u00e9chargerez au format PDF. Dans <a title=\"Carte de visite de Ghyslain Clement\" href=\"https:\/\/ghyslain-clement.fr\/?page_id=118\">la page contact<\/a> vous avez aussi ma carte de visite t\u00e9l\u00e9chargeable \u00e0 partir d&rsquo;un QR Code.<\/p>\n<p>\u00a0<\/p>\n\n\n<p><\/p>\n\n\n\n<figure class=\"wp-block-image size-full\"><img loading=\"lazy\" decoding=\"async\" width=\"550\" height=\"778\" src=\"https:\/\/ghyslain-clement.fr\/wordpress_fold\/wp-content\/uploads\/2025\/11\/Ghyslain-Clement-CV-1.webp\" alt=\"\" class=\"wp-image-966\" srcset=\"https:\/\/ghyslain-clement.fr\/wordpress_fold\/wp-content\/uploads\/2025\/11\/Ghyslain-Clement-CV-1.webp 550w, https:\/\/ghyslain-clement.fr\/wordpress_fold\/wp-content\/uploads\/2025\/11\/Ghyslain-Clement-CV-1-300x424.webp 300w\" sizes=\"auto, (max-width: 550px) 100vw, 550px\" \/><\/figure>\n\n\n\n<figure class=\"wp-block-image size-full\"><img loading=\"lazy\" decoding=\"async\" width=\"550\" height=\"778\" src=\"https:\/\/ghyslain-clement.fr\/wordpress_fold\/wp-content\/uploads\/2025\/11\/Ghyslain-Clement-CV-2.webp\" alt=\"\" class=\"wp-image-967\" srcset=\"https:\/\/ghyslain-clement.fr\/wordpress_fold\/wp-content\/uploads\/2025\/11\/Ghyslain-Clement-CV-2.webp 550w, https:\/\/ghyslain-clement.fr\/wordpress_fold\/wp-content\/uploads\/2025\/11\/Ghyslain-Clement-CV-2-300x424.webp 300w\" sizes=\"auto, (max-width: 550px) 100vw, 550px\" \/><\/figure>\n","protected":false},"excerpt":{"rendered":"<p>Voici mon nouveau CV (\u00e0 la date du 25 novembre 2025). Cliquez ici et vous le t\u00e9l\u00e9chargerez au format PDF. Dans la page contact vous avez aussi ma carte de visite t\u00e9l\u00e9chargeable \u00e0 partir d&rsquo;un QR Code. \u00a0<\/p>\n","protected":false},"author":1,"featured_media":0,"parent":0,"menu_order":0,"comment_status":"closed","ping_status":"open","template":"","meta":{"footnotes":""},"class_list":["post-471","page","type-page","status-publish","hentry"],"_links":{"self":[{"href":"https:\/\/ghyslain-clement.fr\/index.php?rest_route=\/wp\/v2\/pages\/471","targetHints":{"allow":["GET"]}}],"collection":[{"href":"https:\/\/ghyslain-clement.fr\/index.php?rest_route=\/wp\/v2\/pages"}],"about":[{"href":"https:\/\/ghyslain-clement.fr\/index.php?rest_route=\/wp\/v2\/types\/page"}],"author":[{"embeddable":true,"href":"https:\/\/ghyslain-clement.fr\/index.php?rest_route=\/wp\/v2\/users\/1"}],"replies":[{"embeddable":true,"href":"https:\/\/ghyslain-clement.fr\/index.php?rest_route=%2Fwp%2Fv2%2Fcomments&post=471"}],"version-history":[{"count":8,"href":"https:\/\/ghyslain-clement.fr\/index.php?rest_route=\/wp\/v2\/pages\/471\/revisions"}],"predecessor-version":[{"id":854,"href":"https:\/\/ghyslain-clement.fr\/index.php?rest_route=\/wp\/v2\/pages\/471\/revisions\/854"}],"wp:attachment":[{"href":"https:\/\/ghyslain-clement.fr\/index.php?rest_route=%2Fwp%2Fv2%2Fmedia&parent=471"}],"curies":[{"name":"wp","href":"https:\/\/api.w.org\/{rel}","templated":true}]}}