{"id":118,"date":"2013-02-11T14:57:05","date_gmt":"2013-02-11T13:57:05","guid":{"rendered":"https:\/\/ghyslain-clement.fr\/?page_id=118"},"modified":"2025-11-26T08:38:56","modified_gmt":"2025-11-26T07:38:56","slug":"contact","status":"publish","type":"page","link":"https:\/\/ghyslain-clement.fr\/?page_id=118","title":{"rendered":"Contact"},"content":{"rendered":"\n<p>Si vous voulez me contacter, il vous suffit de scanner ce QR Code et toutes mes coordonn\u00e9es seront instantan\u00e9ment lues par votre mobile pour un enregistrement dans votre carnet d&rsquo;adresses.<\/p>\n\n\n\n<figure class=\"wp-block-image size-full\"><img loading=\"lazy\" decoding=\"async\" width=\"756\" height=\"754\" src=\"https:\/\/ghyslain-clement.fr\/wordpress_fold\/wp-content\/uploads\/2025\/11\/Ghyslain_Clement-QR_code.webp\" alt=\"QRCode de Ghyslain Clement\" class=\"wp-image-972\" srcset=\"https:\/\/ghyslain-clement.fr\/wordpress_fold\/wp-content\/uploads\/2025\/11\/Ghyslain_Clement-QR_code.webp 756w, https:\/\/ghyslain-clement.fr\/wordpress_fold\/wp-content\/uploads\/2025\/11\/Ghyslain_Clement-QR_code-300x299.webp 300w, https:\/\/ghyslain-clement.fr\/wordpress_fold\/wp-content\/uploads\/2025\/11\/Ghyslain_Clement-QR_code-150x150.webp 150w, https:\/\/ghyslain-clement.fr\/wordpress_fold\/wp-content\/uploads\/2025\/11\/Ghyslain_Clement-QR_code-624x622.webp 624w\" sizes=\"auto, (max-width: 756px) 100vw, 756px\" \/><figcaption class=\"wp-element-caption\">QRCode de Ghyslain Clement<\/figcaption><\/figure>\n\n\n\n<p>Une astuce vous ne savez pas le scanner, vous tremblez ou votre application est de mauvaise qualit\u00e9, alors enregistrez l&rsquo;image par copier-coller ou par copie d&rsquo;\u00e9cran et ensuite faites une reconnaissance sur l&rsquo;image obtenue. En dernier cliquer <a href=\"https:\/\/ghyslain-clement.fr\/images\/_loader.php?f=ghyslain_clement.vcf\">ici<\/a>.<\/p>\n\n\n\n<p>Vous pr\u00e9f\u00e9rez me contacter gr\u00e2ce \u00e0 ce site alors r\u00e9pondez \u00e0 ce formulaire. Je vous recontacterai en retour.<\/p>\n\n\n\n<div class=\"wpcf7 no-js\" id=\"wpcf7-f983-o1\" lang=\"fr-FR\" dir=\"ltr\" data-wpcf7-id=\"983\">\n<div class=\"screen-reader-response\"><p role=\"status\" aria-live=\"polite\" aria-atomic=\"true\"><\/p> <ul><\/ul><\/div>\n<form action=\"\/index.php?rest_route=%2Fwp%2Fv2%2Fpages%2F118#wpcf7-f983-o1\" method=\"post\" class=\"wpcf7-form init\" aria-label=\"Formulaire de contact\" novalidate=\"novalidate\" data-status=\"init\">\n<fieldset class=\"hidden-fields-container\"><input type=\"hidden\" name=\"_wpcf7\" value=\"983\" \/><input type=\"hidden\" name=\"_wpcf7_version\" value=\"6.1.3\" \/><input type=\"hidden\" name=\"_wpcf7_locale\" value=\"fr_FR\" \/><input type=\"hidden\" name=\"_wpcf7_unit_tag\" value=\"wpcf7-f983-o1\" \/><input type=\"hidden\" name=\"_wpcf7_container_post\" value=\"0\" \/><input type=\"hidden\" name=\"_wpcf7_posted_data_hash\" value=\"\" \/>\n<\/fieldset>\n<p><label> Votre nom *<br \/>\n<span class=\"wpcf7-form-control-wrap\" data-name=\"your-name\"><input size=\"40\" maxlength=\"400\" class=\"wpcf7-form-control wpcf7-text wpcf7-validates-as-required\" autocomplete=\"name\" aria-required=\"true\" aria-invalid=\"false\" value=\"\" type=\"text\" name=\"your-name\" \/><\/span> <\/label>\n<\/p>\n<p><label> Votre e-mail *<br \/>\n<span class=\"wpcf7-form-control-wrap\" data-name=\"your-email\"><input size=\"40\" maxlength=\"400\" class=\"wpcf7-form-control wpcf7-email wpcf7-validates-as-required wpcf7-text wpcf7-validates-as-email\" autocomplete=\"email\" aria-required=\"true\" aria-invalid=\"false\" value=\"\" type=\"email\" name=\"your-email\" \/><\/span> <\/label>\n<\/p>\n<p><label> Votre t\u00e9l\u00e9phone (facultatif)<br \/>\n<span class=\"wpcf7-form-control-wrap\" data-name=\"your-phone\"><input size=\"40\" maxlength=\"12\" minlength=\"10\" class=\"wpcf7-form-control wpcf7-tel wpcf7-text wpcf7-validates-as-tel\" autocomplete=\"tel\" aria-invalid=\"false\" value=\"\" type=\"tel\" name=\"your-phone\" \/><\/span> <\/label>\n<\/p>\n<p><label> Objet *<br \/>\n<span class=\"wpcf7-form-control-wrap\" data-name=\"your-subject\"><input size=\"40\" maxlength=\"400\" class=\"wpcf7-form-control wpcf7-text wpcf7-validates-as-required\" aria-required=\"true\" aria-invalid=\"false\" value=\"\" type=\"text\" name=\"your-subject\" \/><\/span> <\/label>\n<\/p>\n<p><label> Votre message *<br \/>\n<span class=\"wpcf7-form-control-wrap\" data-name=\"your-message\"><textarea cols=\"40\" rows=\"10\" maxlength=\"2000\" class=\"wpcf7-form-control wpcf7-textarea\" aria-invalid=\"false\" name=\"your-message\"><\/textarea><\/span> <\/label>\n<\/p>\n<p><label> Comment d\u00e9sirez-vous \u00eatre recontact\u00e9 ? *<\/label><br \/>\n<span class=\"wpcf7-form-control-wrap\" data-name=\"radio-303\"><span class=\"wpcf7-form-control wpcf7-radio\"><span class=\"wpcf7-list-item first\"><label><input type=\"radio\" name=\"radio-303\" value=\"T\u00e9l\u00e9phone\" \/><span class=\"wpcf7-list-item-label\">T\u00e9l\u00e9phone<\/span><\/label><\/span><span class=\"wpcf7-list-item last\"><label><input type=\"radio\" name=\"radio-303\" value=\"Mail\" \/><span class=\"wpcf7-list-item-label\">Mail<\/span><\/label><\/span><\/span><\/span>\n<\/p>\n<p><input class=\"wpcf7-form-control wpcf7-submit has-spinner\" type=\"submit\" value=\"Envoyer\" \/>\n<\/p>\n<p>* champs obligatoires afin de vous r\u00e9pondre au mieux\n<\/p>\n<p>D\u00e8s la lecture de ce message, nous vous enverrons une confirmation de lecture avec un lien sur un compl\u00e9ment d'information sur votre projet parall\u00e8lement et suivant votre choix pour \u00eatre recontact\u00e9 nous vous appellerons ou prendrons contact par mail afin de commencer \u00e0 suivre votre projet et savoir comment nous pourrons vous aider.\n<\/p><div class=\"wpcf7-response-output\" aria-hidden=\"true\"><\/div>\n<\/form>\n<\/div>\n\n","protected":false},"excerpt":{"rendered":"<p>Si vous voulez me contacter, il vous suffit de scanner ce QR Code et toutes mes coordonn\u00e9es seront instantan\u00e9ment lues par votre mobile pour un enregistrement dans votre carnet d&rsquo;adresses. Une astuce vous ne savez pas le scanner, vous tremblez ou votre application est de mauvaise qualit\u00e9, alors enregistrez l&rsquo;image par copier-coller ou par copie [&hellip;]<\/p>\n","protected":false},"author":1,"featured_media":0,"parent":0,"menu_order":0,"comment_status":"open","ping_status":"open","template":"","meta":{"footnotes":""},"class_list":["post-118","page","type-page","status-publish","hentry"],"_links":{"self":[{"href":"https:\/\/ghyslain-clement.fr\/index.php?rest_route=\/wp\/v2\/pages\/118","targetHints":{"allow":["GET"]}}],"collection":[{"href":"https:\/\/ghyslain-clement.fr\/index.php?rest_route=\/wp\/v2\/pages"}],"about":[{"href":"https:\/\/ghyslain-clement.fr\/index.php?rest_route=\/wp\/v2\/types\/page"}],"author":[{"embeddable":true,"href":"https:\/\/ghyslain-clement.fr\/index.php?rest_route=\/wp\/v2\/users\/1"}],"replies":[{"embeddable":true,"href":"https:\/\/ghyslain-clement.fr\/index.php?rest_route=%2Fwp%2Fv2%2Fcomments&post=118"}],"version-history":[{"count":13,"href":"https:\/\/ghyslain-clement.fr\/index.php?rest_route=\/wp\/v2\/pages\/118\/revisions"}],"predecessor-version":[{"id":985,"href":"https:\/\/ghyslain-clement.fr\/index.php?rest_route=\/wp\/v2\/pages\/118\/revisions\/985"}],"wp:attachment":[{"href":"https:\/\/ghyslain-clement.fr\/index.php?rest_route=%2Fwp%2Fv2%2Fmedia&parent=118"}],"curies":[{"name":"wp","href":"https:\/\/api.w.org\/{rel}","templated":true}]}}